{"id":47550,"date":"2021-09-13T14:35:08","date_gmt":"2021-09-13T14:35:08","guid":{"rendered":"http:\/\/localhost:9999\/fossilriver\/comprar\/salero-porcelana\/"},"modified":"2023-12-19T17:33:27","modified_gmt":"2023-12-19T17:33:27","slug":"salero-porcelana","status":"publish","type":"product","link":"https:\/\/fossilriver.com\/en\/buy\/salero-porcelana\/","title":{"rendered":"Porcelain salt shaker 125 g"},"content":{"rendered":"<p><img loading=\"lazy\" decoding=\"async\" class=\"alignnone size-medium wp-image-46590\" src=\"https:\/\/fossilriver.com\/wp-content\/uploads\/2021\/09\/SELLO-PORCELANA-260x300.png\" alt=\"\" width=\"260\" height=\"300\" srcset=\"https:\/\/fossilriver.com\/wp-content\/uploads\/2021\/09\/SELLO-PORCELANA-260x300.png 260w, https:\/\/fossilriver.com\/wp-content\/uploads\/2021\/09\/SELLO-PORCELANA-889x1024.png 889w, https:\/\/fossilriver.com\/wp-content\/uploads\/2021\/09\/SELLO-PORCELANA-130x150.png 130w, https:\/\/fossilriver.com\/wp-content\/uploads\/2021\/09\/SELLO-PORCELANA-768x885.png 768w, https:\/\/fossilriver.com\/wp-content\/uploads\/2021\/09\/SELLO-PORCELANA-960x1106.png 960w, https:\/\/fossilriver.com\/wp-content\/uploads\/2021\/09\/SELLO-PORCELANA-600x691.png 600w, https:\/\/fossilriver.com\/wp-content\/uploads\/2021\/09\/SELLO-PORCELANA.png 1276w\" sizes=\"auto, (max-width: 260px) 100vw, 260px\" \/><\/p>\n<p>Porcelain salt shaker containing 125 g of White Salt Flakes<\/p>\n<p>Limited edition<\/p>\n","protected":false},"excerpt":{"rendered":"<p>Porcelain salt shaker containing 125 g of White Salt Flakes<\/p>\n<p>Limited edition<\/p>\n","protected":false},"featured_media":46792,"template":"","meta":{"_acf_changed":false},"product_brand":[],"product_cat":[181,180],"product_tag":[183],"class_list":{"0":"post-47550","1":"product","2":"type-product","3":"status-publish","4":"has-post-thumbnail","6":"product_cat-classic","7":"product_cat-salt-flakes","8":"product_tag-petalos-de-sal-blancos-en","10":"first","11":"instock","12":"taxable","13":"shipping-taxable","14":"purchasable","15":"product-type-variable"},"acf":[],"yoast_head":"<!-- This site is optimized with the Yoast SEO plugin v23.8 - https:\/\/yoast.com\/wordpress\/plugins\/seo\/ -->\n<title>Porcelain salt shaker 125 g - Fossil River<\/title>\n<meta name=\"description\" content=\"Salero de porcelana con 125g de P\u00e9talos de sal Blancos. Dise\u00f1o oficial y edici\u00f3n limitada.\" \/>\n<meta name=\"robots\" content=\"index, follow, max-snippet:-1, max-image-preview:large, max-video-preview:-1\" \/>\n<link rel=\"canonical\" href=\"https:\/\/fossilriver.com\/en\/buy\/salero-porcelana\/\" \/>\n<meta property=\"og:locale\" content=\"en_US\" \/>\n<meta property=\"og:type\" content=\"article\" \/>\n<meta property=\"og:title\" content=\"Porcelain salt shaker 125 g - Fossil River\" \/>\n<meta property=\"og:description\" content=\"Salero de porcelana con 125g de P\u00e9talos de sal Blancos. Dise\u00f1o oficial y edici\u00f3n limitada.\" \/>\n<meta property=\"og:url\" content=\"https:\/\/fossilriver.com\/en\/buy\/salero-porcelana\/\" \/>\n<meta property=\"og:site_name\" content=\"Fossil River\" \/>\n<meta property=\"article:modified_time\" content=\"2023-12-19T17:33:27+00:00\" \/>\n<meta property=\"og:image\" content=\"https:\/\/fossilriver.com\/wp-content\/uploads\/2021\/09\/porcelana-mockup2.png\" \/>\n\t<meta property=\"og:image:width\" content=\"1080\" \/>\n\t<meta property=\"og:image:height\" content=\"1080\" \/>\n\t<meta property=\"og:image:type\" content=\"image\/png\" \/>\n<meta name=\"twitter:card\" content=\"summary_large_image\" \/>\n<meta name=\"twitter:label1\" content=\"Est. reading time\" \/>\n\t<meta name=\"twitter:data1\" content=\"1 minute\" \/>\n<script type=\"application\/ld+json\" class=\"yoast-schema-graph\">{\"@context\":\"https:\/\/schema.org\",\"@graph\":[{\"@type\":\"WebPage\",\"@id\":\"https:\/\/fossilriver.com\/en\/buy\/salero-porcelana\/\",\"url\":\"https:\/\/fossilriver.com\/en\/buy\/salero-porcelana\/\",\"name\":\"Porcelain salt shaker 125 g - Fossil River\",\"isPartOf\":{\"@id\":\"https:\/\/fossilriver.com\/#website\"},\"primaryImageOfPage\":{\"@id\":\"https:\/\/fossilriver.com\/en\/buy\/salero-porcelana\/#primaryimage\"},\"image\":{\"@id\":\"https:\/\/fossilriver.com\/en\/buy\/salero-porcelana\/#primaryimage\"},\"thumbnailUrl\":\"https:\/\/fossilriver.com\/wp-content\/uploads\/2021\/09\/porcelana-mockup2.png\",\"datePublished\":\"2021-09-13T14:35:08+00:00\",\"dateModified\":\"2023-12-19T17:33:27+00:00\",\"description\":\"Salero de porcelana con 125g de P\u00e9talos de sal Blancos. Dise\u00f1o oficial y edici\u00f3n limitada.\",\"breadcrumb\":{\"@id\":\"https:\/\/fossilriver.com\/en\/buy\/salero-porcelana\/#breadcrumb\"},\"inLanguage\":\"en-US\",\"potentialAction\":[{\"@type\":\"ReadAction\",\"target\":[\"https:\/\/fossilriver.com\/en\/buy\/salero-porcelana\/\"]}]},{\"@type\":\"ImageObject\",\"inLanguage\":\"en-US\",\"@id\":\"https:\/\/fossilriver.com\/en\/buy\/salero-porcelana\/#primaryimage\",\"url\":\"https:\/\/fossilriver.com\/wp-content\/uploads\/2021\/09\/porcelana-mockup2.png\",\"contentUrl\":\"https:\/\/fossilriver.com\/wp-content\/uploads\/2021\/09\/porcelana-mockup2.png\",\"width\":1080,\"height\":1080},{\"@type\":\"BreadcrumbList\",\"@id\":\"https:\/\/fossilriver.com\/en\/buy\/salero-porcelana\/#breadcrumb\",\"itemListElement\":[{\"@type\":\"ListItem\",\"position\":1,\"name\":\"Inicio\",\"item\":\"https:\/\/fossilriver.com\/en\/\"},{\"@type\":\"ListItem\",\"position\":2,\"name\":\"Shop\",\"item\":\"https:\/\/fossilriver.com\/shop\/\"},{\"@type\":\"ListItem\",\"position\":3,\"name\":\"Porcelain salt shaker 125 g\"}]},{\"@type\":\"WebSite\",\"@id\":\"https:\/\/fossilriver.com\/#website\",\"url\":\"https:\/\/fossilriver.com\/\",\"name\":\"Fossil River\",\"description\":\"Sales gourmet\",\"publisher\":{\"@id\":\"https:\/\/fossilriver.com\/#organization\"},\"potentialAction\":[{\"@type\":\"SearchAction\",\"target\":{\"@type\":\"EntryPoint\",\"urlTemplate\":\"https:\/\/fossilriver.com\/?s={search_term_string}\"},\"query-input\":{\"@type\":\"PropertyValueSpecification\",\"valueRequired\":true,\"valueName\":\"search_term_string\"}}],\"inLanguage\":\"en-US\"},{\"@type\":\"Organization\",\"@id\":\"https:\/\/fossilriver.com\/#organization\",\"name\":\"Fossil River\",\"url\":\"https:\/\/fossilriver.com\/\",\"logo\":{\"@type\":\"ImageObject\",\"inLanguage\":\"en-US\",\"@id\":\"https:\/\/fossilriver.com\/#\/schema\/logo\/image\/\",\"url\":\"https:\/\/i1.wp.com\/fossilriver.com\/wp-content\/uploads\/2021\/06\/logo.png?fit=143%2C101&ssl=1\",\"contentUrl\":\"https:\/\/i1.wp.com\/fossilriver.com\/wp-content\/uploads\/2021\/06\/logo.png?fit=143%2C101&ssl=1\",\"width\":143,\"height\":101,\"caption\":\"Fossil River\"},\"image\":{\"@id\":\"https:\/\/fossilriver.com\/#\/schema\/logo\/image\/\"}}]}<\/script>\n<!-- \/ Yoast SEO plugin. -->","yoast_head_json":{"title":"Porcelain salt shaker 125 g - Fossil River","description":"Salero de porcelana con 125g de P\u00e9talos de sal Blancos. Dise\u00f1o oficial y edici\u00f3n limitada.","robots":{"index":"index","follow":"follow","max-snippet":"max-snippet:-1","max-image-preview":"max-image-preview:large","max-video-preview":"max-video-preview:-1"},"canonical":"https:\/\/fossilriver.com\/en\/buy\/salero-porcelana\/","og_locale":"en_US","og_type":"article","og_title":"Porcelain salt shaker 125 g - Fossil River","og_description":"Salero de porcelana con 125g de P\u00e9talos de sal Blancos. Dise\u00f1o oficial y edici\u00f3n limitada.","og_url":"https:\/\/fossilriver.com\/en\/buy\/salero-porcelana\/","og_site_name":"Fossil River","article_modified_time":"2023-12-19T17:33:27+00:00","og_image":[{"width":1080,"height":1080,"url":"https:\/\/fossilriver.com\/wp-content\/uploads\/2021\/09\/porcelana-mockup2.png","type":"image\/png"}],"twitter_card":"summary_large_image","twitter_misc":{"Est. reading time":"1 minute"},"schema":{"@context":"https:\/\/schema.org","@graph":[{"@type":"WebPage","@id":"https:\/\/fossilriver.com\/en\/buy\/salero-porcelana\/","url":"https:\/\/fossilriver.com\/en\/buy\/salero-porcelana\/","name":"Porcelain salt shaker 125 g - Fossil River","isPartOf":{"@id":"https:\/\/fossilriver.com\/#website"},"primaryImageOfPage":{"@id":"https:\/\/fossilriver.com\/en\/buy\/salero-porcelana\/#primaryimage"},"image":{"@id":"https:\/\/fossilriver.com\/en\/buy\/salero-porcelana\/#primaryimage"},"thumbnailUrl":"https:\/\/fossilriver.com\/wp-content\/uploads\/2021\/09\/porcelana-mockup2.png","datePublished":"2021-09-13T14:35:08+00:00","dateModified":"2023-12-19T17:33:27+00:00","description":"Salero de porcelana con 125g de P\u00e9talos de sal Blancos. Dise\u00f1o oficial y edici\u00f3n limitada.","breadcrumb":{"@id":"https:\/\/fossilriver.com\/en\/buy\/salero-porcelana\/#breadcrumb"},"inLanguage":"en-US","potentialAction":[{"@type":"ReadAction","target":["https:\/\/fossilriver.com\/en\/buy\/salero-porcelana\/"]}]},{"@type":"ImageObject","inLanguage":"en-US","@id":"https:\/\/fossilriver.com\/en\/buy\/salero-porcelana\/#primaryimage","url":"https:\/\/fossilriver.com\/wp-content\/uploads\/2021\/09\/porcelana-mockup2.png","contentUrl":"https:\/\/fossilriver.com\/wp-content\/uploads\/2021\/09\/porcelana-mockup2.png","width":1080,"height":1080},{"@type":"BreadcrumbList","@id":"https:\/\/fossilriver.com\/en\/buy\/salero-porcelana\/#breadcrumb","itemListElement":[{"@type":"ListItem","position":1,"name":"Inicio","item":"https:\/\/fossilriver.com\/en\/"},{"@type":"ListItem","position":2,"name":"Shop","item":"https:\/\/fossilriver.com\/shop\/"},{"@type":"ListItem","position":3,"name":"Porcelain salt shaker 125 g"}]},{"@type":"WebSite","@id":"https:\/\/fossilriver.com\/#website","url":"https:\/\/fossilriver.com\/","name":"Fossil River","description":"Sales gourmet","publisher":{"@id":"https:\/\/fossilriver.com\/#organization"},"potentialAction":[{"@type":"SearchAction","target":{"@type":"EntryPoint","urlTemplate":"https:\/\/fossilriver.com\/?s={search_term_string}"},"query-input":{"@type":"PropertyValueSpecification","valueRequired":true,"valueName":"search_term_string"}}],"inLanguage":"en-US"},{"@type":"Organization","@id":"https:\/\/fossilriver.com\/#organization","name":"Fossil River","url":"https:\/\/fossilriver.com\/","logo":{"@type":"ImageObject","inLanguage":"en-US","@id":"https:\/\/fossilriver.com\/#\/schema\/logo\/image\/","url":"https:\/\/i1.wp.com\/fossilriver.com\/wp-content\/uploads\/2021\/06\/logo.png?fit=143%2C101&ssl=1","contentUrl":"https:\/\/i1.wp.com\/fossilriver.com\/wp-content\/uploads\/2021\/06\/logo.png?fit=143%2C101&ssl=1","width":143,"height":101,"caption":"Fossil River"},"image":{"@id":"https:\/\/fossilriver.com\/#\/schema\/logo\/image\/"}}]}},"jetpack_sharing_enabled":true,"_links":{"self":[{"href":"https:\/\/fossilriver.com\/en\/wp-json\/wp\/v2\/product\/47550","targetHints":{"allow":["GET"]}}],"collection":[{"href":"https:\/\/fossilriver.com\/en\/wp-json\/wp\/v2\/product"}],"about":[{"href":"https:\/\/fossilriver.com\/en\/wp-json\/wp\/v2\/types\/product"}],"wp:featuredmedia":[{"embeddable":true,"href":"https:\/\/fossilriver.com\/en\/wp-json\/wp\/v2\/media\/46792"}],"wp:attachment":[{"href":"https:\/\/fossilriver.com\/en\/wp-json\/wp\/v2\/media?parent=47550"}],"wp:term":[{"taxonomy":"product_brand","embeddable":true,"href":"https:\/\/fossilriver.com\/en\/wp-json\/wp\/v2\/product_brand?post=47550"},{"taxonomy":"product_cat","embeddable":true,"href":"https:\/\/fossilriver.com\/en\/wp-json\/wp\/v2\/product_cat?post=47550"},{"taxonomy":"product_tag","embeddable":true,"href":"https:\/\/fossilriver.com\/en\/wp-json\/wp\/v2\/product_tag?post=47550"}],"curies":[{"name":"wp","href":"https:\/\/api.w.org\/{rel}","templated":true}]}}