{"id":47571,"date":"2021-07-26T09:57:49","date_gmt":"2021-07-26T09:57:49","guid":{"rendered":"http:\/\/localhost:9999\/fossilriver\/comprar\/petalos-de-sal-aceto-balsamico\/"},"modified":"2023-12-19T17:46:30","modified_gmt":"2023-12-19T17:46:30","slug":"petalos-de-sal-aceto-balsamico","status":"publish","type":"product","link":"https:\/\/fossilriver.com\/en\/buy\/petalos-de-sal-aceto-balsamico\/","title":{"rendered":"Balsamic Vinegar Salt Flakes"},"content":{"rendered":"<p>A blend of delicate, crunchy Salt Flakes and the most exquisite Balsamic Vinegar, to enhance the flavour of your dishes.<\/p>\n","protected":false},"excerpt":{"rendered":"<p>A blend of delicate, crunchy Salt Flakes and the most exquisite Balsamic Vinegar, to enhance the flavour of your dishes.<\/p>\n","protected":false},"featured_media":2330,"template":"","meta":{"_acf_changed":false},"product_brand":[],"product_cat":[180,182],"product_tag":[190,189],"class_list":{"0":"post-47571","1":"product","2":"type-product","3":"status-publish","4":"has-post-thumbnail","6":"product_cat-salt-flakes","7":"product_cat-with-spices-salt-flakes","8":"product_tag-sal-con-aceto-balsamico-en","9":"product_tag-sal-con-vinagre-de-mondena-en","11":"first","12":"instock","13":"taxable","14":"shipping-taxable","15":"purchasable","16":"product-type-variable"},"acf":[],"yoast_head":"<!-- This site is optimized with the Yoast SEO plugin v23.8 - https:\/\/yoast.com\/wordpress\/plugins\/seo\/ -->\n<title>Balsamic Vinegar Salt Flakes - Fossil River<\/title>\n<meta name=\"description\" content=\"Delicados y crujientes P\u00e9talos de Sal impregnados del m\u00e1s exquisito Aceto Bals\u00e1mico y juntos se fusionan en el plato realzando los sabores.\" \/>\n<meta name=\"robots\" content=\"index, follow, max-snippet:-1, max-image-preview:large, max-video-preview:-1\" \/>\n<link rel=\"canonical\" href=\"https:\/\/fossilriver.com\/en\/balsamic-vinegar-salt-flakes\/\" \/>\n<meta property=\"og:locale\" content=\"en_US\" \/>\n<meta property=\"og:type\" content=\"article\" \/>\n<meta property=\"og:title\" content=\"Balsamic Vinegar Salt Flakes - Fossil River\" \/>\n<meta property=\"og:description\" content=\"Delicados y crujientes P\u00e9talos de Sal impregnados del m\u00e1s exquisito Aceto Bals\u00e1mico y juntos se fusionan en el plato realzando los sabores.\" \/>\n<meta property=\"og:url\" content=\"https:\/\/fossilriver.com\/en\/balsamic-vinegar-salt-flakes\/\" \/>\n<meta property=\"og:site_name\" content=\"Fossil River\" \/>\n<meta property=\"article:modified_time\" content=\"2023-12-19T17:46:30+00:00\" \/>\n<meta property=\"og:image\" content=\"https:\/\/fossilriver.com\/wp-content\/uploads\/2021\/07\/Aceto-balsa\u0301mico.png\" \/>\n\t<meta property=\"og:image:width\" content=\"600\" \/>\n\t<meta property=\"og:image:height\" content=\"600\" \/>\n\t<meta property=\"og:image:type\" content=\"image\/png\" \/>\n<meta name=\"twitter:card\" content=\"summary_large_image\" \/>\n<meta name=\"twitter:label1\" content=\"Est. reading time\" \/>\n\t<meta name=\"twitter:data1\" content=\"1 minute\" \/>\n<script type=\"application\/ld+json\" class=\"yoast-schema-graph\">{\"@context\":\"https:\/\/schema.org\",\"@graph\":[{\"@type\":\"WebPage\",\"@id\":\"https:\/\/fossilriver.com\/en\/balsamic-vinegar-salt-flakes\/\",\"url\":\"https:\/\/fossilriver.com\/en\/balsamic-vinegar-salt-flakes\/\",\"name\":\"Balsamic Vinegar Salt Flakes - Fossil River\",\"isPartOf\":{\"@id\":\"https:\/\/fossilriver.com\/#website\"},\"primaryImageOfPage\":{\"@id\":\"https:\/\/fossilriver.com\/en\/balsamic-vinegar-salt-flakes\/#primaryimage\"},\"image\":{\"@id\":\"https:\/\/fossilriver.com\/en\/balsamic-vinegar-salt-flakes\/#primaryimage\"},\"thumbnailUrl\":\"https:\/\/fossilriver.com\/wp-content\/uploads\/2021\/07\/Aceto-balsa\u0301mico.png\",\"datePublished\":\"2021-07-26T09:57:49+00:00\",\"dateModified\":\"2023-12-19T17:46:30+00:00\",\"description\":\"Delicados y crujientes P\u00e9talos de Sal impregnados del m\u00e1s exquisito Aceto Bals\u00e1mico y juntos se fusionan en el plato realzando los sabores.\",\"breadcrumb\":{\"@id\":\"https:\/\/fossilriver.com\/en\/balsamic-vinegar-salt-flakes\/#breadcrumb\"},\"inLanguage\":\"en-US\",\"potentialAction\":[{\"@type\":\"ReadAction\",\"target\":[\"https:\/\/fossilriver.com\/en\/balsamic-vinegar-salt-flakes\/\"]}]},{\"@type\":\"ImageObject\",\"inLanguage\":\"en-US\",\"@id\":\"https:\/\/fossilriver.com\/en\/balsamic-vinegar-salt-flakes\/#primaryimage\",\"url\":\"https:\/\/fossilriver.com\/wp-content\/uploads\/2021\/07\/Aceto-balsa\u0301mico.png\",\"contentUrl\":\"https:\/\/fossilriver.com\/wp-content\/uploads\/2021\/07\/Aceto-balsa\u0301mico.png\",\"width\":600,\"height\":600},{\"@type\":\"BreadcrumbList\",\"@id\":\"https:\/\/fossilriver.com\/en\/balsamic-vinegar-salt-flakes\/#breadcrumb\",\"itemListElement\":[{\"@type\":\"ListItem\",\"position\":1,\"name\":\"Inicio\",\"item\":\"https:\/\/fossilriver.com\/en\/\"},{\"@type\":\"ListItem\",\"position\":2,\"name\":\"Shop\",\"item\":\"https:\/\/fossilriver.com\/shop\/\"},{\"@type\":\"ListItem\",\"position\":3,\"name\":\"Balsamic Vinegar Salt Flakes\"}]},{\"@type\":\"WebSite\",\"@id\":\"https:\/\/fossilriver.com\/#website\",\"url\":\"https:\/\/fossilriver.com\/\",\"name\":\"Fossil River\",\"description\":\"Sales gourmet\",\"publisher\":{\"@id\":\"https:\/\/fossilriver.com\/#organization\"},\"potentialAction\":[{\"@type\":\"SearchAction\",\"target\":{\"@type\":\"EntryPoint\",\"urlTemplate\":\"https:\/\/fossilriver.com\/?s={search_term_string}\"},\"query-input\":{\"@type\":\"PropertyValueSpecification\",\"valueRequired\":true,\"valueName\":\"search_term_string\"}}],\"inLanguage\":\"en-US\"},{\"@type\":\"Organization\",\"@id\":\"https:\/\/fossilriver.com\/#organization\",\"name\":\"Fossil River\",\"url\":\"https:\/\/fossilriver.com\/\",\"logo\":{\"@type\":\"ImageObject\",\"inLanguage\":\"en-US\",\"@id\":\"https:\/\/fossilriver.com\/#\/schema\/logo\/image\/\",\"url\":\"https:\/\/i1.wp.com\/fossilriver.com\/wp-content\/uploads\/2021\/06\/logo.png?fit=143%2C101&ssl=1\",\"contentUrl\":\"https:\/\/i1.wp.com\/fossilriver.com\/wp-content\/uploads\/2021\/06\/logo.png?fit=143%2C101&ssl=1\",\"width\":143,\"height\":101,\"caption\":\"Fossil River\"},\"image\":{\"@id\":\"https:\/\/fossilriver.com\/#\/schema\/logo\/image\/\"}}]}<\/script>\n<!-- \/ Yoast SEO plugin. -->","yoast_head_json":{"title":"Balsamic Vinegar Salt Flakes - Fossil River","description":"Delicados y crujientes P\u00e9talos de Sal impregnados del m\u00e1s exquisito Aceto Bals\u00e1mico y juntos se fusionan en el plato realzando los sabores.","robots":{"index":"index","follow":"follow","max-snippet":"max-snippet:-1","max-image-preview":"max-image-preview:large","max-video-preview":"max-video-preview:-1"},"canonical":"https:\/\/fossilriver.com\/en\/balsamic-vinegar-salt-flakes\/","og_locale":"en_US","og_type":"article","og_title":"Balsamic Vinegar Salt Flakes - Fossil River","og_description":"Delicados y crujientes P\u00e9talos de Sal impregnados del m\u00e1s exquisito Aceto Bals\u00e1mico y juntos se fusionan en el plato realzando los sabores.","og_url":"https:\/\/fossilriver.com\/en\/balsamic-vinegar-salt-flakes\/","og_site_name":"Fossil River","article_modified_time":"2023-12-19T17:46:30+00:00","og_image":[{"width":600,"height":600,"url":"https:\/\/fossilriver.com\/wp-content\/uploads\/2021\/07\/Aceto-balsa\u0301mico.png","type":"image\/png"}],"twitter_card":"summary_large_image","twitter_misc":{"Est. reading time":"1 minute"},"schema":{"@context":"https:\/\/schema.org","@graph":[{"@type":"WebPage","@id":"https:\/\/fossilriver.com\/en\/balsamic-vinegar-salt-flakes\/","url":"https:\/\/fossilriver.com\/en\/balsamic-vinegar-salt-flakes\/","name":"Balsamic Vinegar Salt Flakes - Fossil River","isPartOf":{"@id":"https:\/\/fossilriver.com\/#website"},"primaryImageOfPage":{"@id":"https:\/\/fossilriver.com\/en\/balsamic-vinegar-salt-flakes\/#primaryimage"},"image":{"@id":"https:\/\/fossilriver.com\/en\/balsamic-vinegar-salt-flakes\/#primaryimage"},"thumbnailUrl":"https:\/\/fossilriver.com\/wp-content\/uploads\/2021\/07\/Aceto-balsa\u0301mico.png","datePublished":"2021-07-26T09:57:49+00:00","dateModified":"2023-12-19T17:46:30+00:00","description":"Delicados y crujientes P\u00e9talos de Sal impregnados del m\u00e1s exquisito Aceto Bals\u00e1mico y juntos se fusionan en el plato realzando los sabores.","breadcrumb":{"@id":"https:\/\/fossilriver.com\/en\/balsamic-vinegar-salt-flakes\/#breadcrumb"},"inLanguage":"en-US","potentialAction":[{"@type":"ReadAction","target":["https:\/\/fossilriver.com\/en\/balsamic-vinegar-salt-flakes\/"]}]},{"@type":"ImageObject","inLanguage":"en-US","@id":"https:\/\/fossilriver.com\/en\/balsamic-vinegar-salt-flakes\/#primaryimage","url":"https:\/\/fossilriver.com\/wp-content\/uploads\/2021\/07\/Aceto-balsa\u0301mico.png","contentUrl":"https:\/\/fossilriver.com\/wp-content\/uploads\/2021\/07\/Aceto-balsa\u0301mico.png","width":600,"height":600},{"@type":"BreadcrumbList","@id":"https:\/\/fossilriver.com\/en\/balsamic-vinegar-salt-flakes\/#breadcrumb","itemListElement":[{"@type":"ListItem","position":1,"name":"Inicio","item":"https:\/\/fossilriver.com\/en\/"},{"@type":"ListItem","position":2,"name":"Shop","item":"https:\/\/fossilriver.com\/shop\/"},{"@type":"ListItem","position":3,"name":"Balsamic Vinegar Salt Flakes"}]},{"@type":"WebSite","@id":"https:\/\/fossilriver.com\/#website","url":"https:\/\/fossilriver.com\/","name":"Fossil River","description":"Sales gourmet","publisher":{"@id":"https:\/\/fossilriver.com\/#organization"},"potentialAction":[{"@type":"SearchAction","target":{"@type":"EntryPoint","urlTemplate":"https:\/\/fossilriver.com\/?s={search_term_string}"},"query-input":{"@type":"PropertyValueSpecification","valueRequired":true,"valueName":"search_term_string"}}],"inLanguage":"en-US"},{"@type":"Organization","@id":"https:\/\/fossilriver.com\/#organization","name":"Fossil River","url":"https:\/\/fossilriver.com\/","logo":{"@type":"ImageObject","inLanguage":"en-US","@id":"https:\/\/fossilriver.com\/#\/schema\/logo\/image\/","url":"https:\/\/i1.wp.com\/fossilriver.com\/wp-content\/uploads\/2021\/06\/logo.png?fit=143%2C101&ssl=1","contentUrl":"https:\/\/i1.wp.com\/fossilriver.com\/wp-content\/uploads\/2021\/06\/logo.png?fit=143%2C101&ssl=1","width":143,"height":101,"caption":"Fossil River"},"image":{"@id":"https:\/\/fossilriver.com\/#\/schema\/logo\/image\/"}}]}},"jetpack_sharing_enabled":true,"_links":{"self":[{"href":"https:\/\/fossilriver.com\/en\/wp-json\/wp\/v2\/product\/47571","targetHints":{"allow":["GET"]}}],"collection":[{"href":"https:\/\/fossilriver.com\/en\/wp-json\/wp\/v2\/product"}],"about":[{"href":"https:\/\/fossilriver.com\/en\/wp-json\/wp\/v2\/types\/product"}],"wp:featuredmedia":[{"embeddable":true,"href":"https:\/\/fossilriver.com\/en\/wp-json\/wp\/v2\/media\/2330"}],"wp:attachment":[{"href":"https:\/\/fossilriver.com\/en\/wp-json\/wp\/v2\/media?parent=47571"}],"wp:term":[{"taxonomy":"product_brand","embeddable":true,"href":"https:\/\/fossilriver.com\/en\/wp-json\/wp\/v2\/product_brand?post=47571"},{"taxonomy":"product_cat","embeddable":true,"href":"https:\/\/fossilriver.com\/en\/wp-json\/wp\/v2\/product_cat?post=47571"},{"taxonomy":"product_tag","embeddable":true,"href":"https:\/\/fossilriver.com\/en\/wp-json\/wp\/v2\/product_tag?post=47571"}],"curies":[{"name":"wp","href":"https:\/\/api.w.org\/{rel}","templated":true}]}}