{"id":47589,"date":"2021-07-26T13:26:19","date_gmt":"2021-07-26T13:26:19","guid":{"rendered":"http:\/\/localhost:9999\/fossilriver\/comprar\/sal-con-algas-de-bretana\/"},"modified":"2023-12-19T17:43:59","modified_gmt":"2023-12-19T17:43:59","slug":"sal-con-algas-de-bretana","status":"publish","type":"product","link":"https:\/\/fossilriver.com\/en\/buy\/sal-con-algas-de-bretana\/","title":{"rendered":"BIO Flocons de Sel Brittany Seaweed Seasoning"},"content":{"rendered":"<div>Spring salt has many positive characteristics, for both health, as it is low-sodium, and due to its extraction method, which is completely traditional and carried out by hand.  And if we add Brittany Seaweed to all these positive characteristics, the result is a pleasurable dish that is bursting with flavour.<\/div>\n<div>Brittany Seaweed has many essential benefits for life, and is an element of nature that the Earth has given us to use as a seasoning with no problems.<\/div>\n<div>It is quite normal for Asian countries to use seaweed, but Western countries are not accustomed to using them as a seasoning. Nonetheless, this product is now started to be used more and more often. It should be borne in mind that seaweed has a concentration of 500 times more elements essential for life: mineral salts, magnesium, calcium, potassium, vitamins and acids.<\/div>\n","protected":false},"excerpt":{"rendered":"<p>Enjoy the taste of the ocean with the salt seasoned with Brittany Seaweed, one of the most original elements that adds a unique touch to dishes and brings out that wilder side of the depths of the British Seas.<\/p>\n","protected":false},"featured_media":11412,"template":"","meta":{"_acf_changed":false},"product_brand":[],"product_cat":[179,180],"product_tag":[],"class_list":{"0":"post-47589","1":"product","2":"type-product","3":"status-publish","4":"has-post-thumbnail","6":"product_cat-premium-en","7":"product_cat-salt-flakes","9":"first","10":"instock","11":"taxable","12":"shipping-taxable","13":"purchasable","14":"product-type-variable"},"acf":[],"yoast_head":"<!-- This site is optimized with the Yoast SEO plugin v23.8 - https:\/\/yoast.com\/wordpress\/plugins\/seo\/ -->\n<title>BIO Flocons de Sel Brittany Seaweed Seasoning - Fossil River<\/title>\n<meta name=\"description\" content=\"Siente el sabor del oc\u00e9ano con la sal condimentada con algas de Breta\u00f1a, uno de los elementos m\u00e1s originales para dar un toque diferente a la cocina y sacar ese lado m\u00e1s feroz de las profundidades de los mares brit\u00e1nicos.\" \/>\n<meta name=\"robots\" content=\"index, follow, max-snippet:-1, max-image-preview:large, max-video-preview:-1\" \/>\n<link rel=\"canonical\" href=\"https:\/\/fossilriver.com\/en\/buy\/sal-con-algas-de-bretana\/\" \/>\n<meta property=\"og:locale\" content=\"en_US\" \/>\n<meta property=\"og:type\" content=\"article\" \/>\n<meta property=\"og:title\" content=\"BIO Flocons de Sel Brittany Seaweed Seasoning - Fossil River\" \/>\n<meta property=\"og:description\" content=\"Siente el sabor del oc\u00e9ano con la sal condimentada con algas de Breta\u00f1a, uno de los elementos m\u00e1s originales para dar un toque diferente a la cocina y sacar ese lado m\u00e1s feroz de las profundidades de los mares brit\u00e1nicos.\" \/>\n<meta property=\"og:url\" content=\"https:\/\/fossilriver.com\/en\/buy\/sal-con-algas-de-bretana\/\" \/>\n<meta property=\"og:site_name\" content=\"Fossil River\" \/>\n<meta property=\"article:modified_time\" content=\"2023-12-19T17:43:59+00:00\" \/>\n<meta property=\"og:image\" content=\"https:\/\/fossilriver.com\/wp-content\/uploads\/2021\/07\/PRINC-Algas-bretana.png\" \/>\n\t<meta property=\"og:image:width\" content=\"1080\" \/>\n\t<meta property=\"og:image:height\" content=\"1080\" \/>\n\t<meta property=\"og:image:type\" content=\"image\/png\" \/>\n<meta name=\"twitter:card\" content=\"summary_large_image\" \/>\n<meta name=\"twitter:label1\" content=\"Est. reading time\" \/>\n\t<meta name=\"twitter:data1\" content=\"1 minute\" \/>\n<script type=\"application\/ld+json\" class=\"yoast-schema-graph\">{\"@context\":\"https:\/\/schema.org\",\"@graph\":[{\"@type\":\"WebPage\",\"@id\":\"https:\/\/fossilriver.com\/en\/buy\/sal-con-algas-de-bretana\/\",\"url\":\"https:\/\/fossilriver.com\/en\/buy\/sal-con-algas-de-bretana\/\",\"name\":\"BIO Flocons de Sel Brittany Seaweed Seasoning - Fossil River\",\"isPartOf\":{\"@id\":\"https:\/\/fossilriver.com\/#website\"},\"primaryImageOfPage\":{\"@id\":\"https:\/\/fossilriver.com\/en\/buy\/sal-con-algas-de-bretana\/#primaryimage\"},\"image\":{\"@id\":\"https:\/\/fossilriver.com\/en\/buy\/sal-con-algas-de-bretana\/#primaryimage\"},\"thumbnailUrl\":\"https:\/\/fossilriver.com\/wp-content\/uploads\/2021\/07\/PRINC-Algas-bretana.png\",\"datePublished\":\"2021-07-26T13:26:19+00:00\",\"dateModified\":\"2023-12-19T17:43:59+00:00\",\"description\":\"Siente el sabor del oc\u00e9ano con la sal condimentada con algas de Breta\u00f1a, uno de los elementos m\u00e1s originales para dar un toque diferente a la cocina y sacar ese lado m\u00e1s feroz de las profundidades de los mares brit\u00e1nicos.\",\"breadcrumb\":{\"@id\":\"https:\/\/fossilriver.com\/en\/buy\/sal-con-algas-de-bretana\/#breadcrumb\"},\"inLanguage\":\"en-US\",\"potentialAction\":[{\"@type\":\"ReadAction\",\"target\":[\"https:\/\/fossilriver.com\/en\/buy\/sal-con-algas-de-bretana\/\"]}]},{\"@type\":\"ImageObject\",\"inLanguage\":\"en-US\",\"@id\":\"https:\/\/fossilriver.com\/en\/buy\/sal-con-algas-de-bretana\/#primaryimage\",\"url\":\"https:\/\/fossilriver.com\/wp-content\/uploads\/2021\/07\/PRINC-Algas-bretana.png\",\"contentUrl\":\"https:\/\/fossilriver.com\/wp-content\/uploads\/2021\/07\/PRINC-Algas-bretana.png\",\"width\":1080,\"height\":1080},{\"@type\":\"BreadcrumbList\",\"@id\":\"https:\/\/fossilriver.com\/en\/buy\/sal-con-algas-de-bretana\/#breadcrumb\",\"itemListElement\":[{\"@type\":\"ListItem\",\"position\":1,\"name\":\"Inicio\",\"item\":\"https:\/\/fossilriver.com\/en\/\"},{\"@type\":\"ListItem\",\"position\":2,\"name\":\"Shop\",\"item\":\"https:\/\/fossilriver.com\/shop\/\"},{\"@type\":\"ListItem\",\"position\":3,\"name\":\"BIO Flocons de Sel Brittany Seaweed Seasoning\"}]},{\"@type\":\"WebSite\",\"@id\":\"https:\/\/fossilriver.com\/#website\",\"url\":\"https:\/\/fossilriver.com\/\",\"name\":\"Fossil River\",\"description\":\"Sales gourmet\",\"publisher\":{\"@id\":\"https:\/\/fossilriver.com\/#organization\"},\"potentialAction\":[{\"@type\":\"SearchAction\",\"target\":{\"@type\":\"EntryPoint\",\"urlTemplate\":\"https:\/\/fossilriver.com\/?s={search_term_string}\"},\"query-input\":{\"@type\":\"PropertyValueSpecification\",\"valueRequired\":true,\"valueName\":\"search_term_string\"}}],\"inLanguage\":\"en-US\"},{\"@type\":\"Organization\",\"@id\":\"https:\/\/fossilriver.com\/#organization\",\"name\":\"Fossil River\",\"url\":\"https:\/\/fossilriver.com\/\",\"logo\":{\"@type\":\"ImageObject\",\"inLanguage\":\"en-US\",\"@id\":\"https:\/\/fossilriver.com\/#\/schema\/logo\/image\/\",\"url\":\"https:\/\/i1.wp.com\/fossilriver.com\/wp-content\/uploads\/2021\/06\/logo.png?fit=143%2C101&ssl=1\",\"contentUrl\":\"https:\/\/i1.wp.com\/fossilriver.com\/wp-content\/uploads\/2021\/06\/logo.png?fit=143%2C101&ssl=1\",\"width\":143,\"height\":101,\"caption\":\"Fossil River\"},\"image\":{\"@id\":\"https:\/\/fossilriver.com\/#\/schema\/logo\/image\/\"}}]}<\/script>\n<!-- \/ Yoast SEO plugin. -->","yoast_head_json":{"title":"BIO Flocons de Sel Brittany Seaweed Seasoning - Fossil River","description":"Siente el sabor del oc\u00e9ano con la sal condimentada con algas de Breta\u00f1a, uno de los elementos m\u00e1s originales para dar un toque diferente a la cocina y sacar ese lado m\u00e1s feroz de las profundidades de los mares brit\u00e1nicos.","robots":{"index":"index","follow":"follow","max-snippet":"max-snippet:-1","max-image-preview":"max-image-preview:large","max-video-preview":"max-video-preview:-1"},"canonical":"https:\/\/fossilriver.com\/en\/buy\/sal-con-algas-de-bretana\/","og_locale":"en_US","og_type":"article","og_title":"BIO Flocons de Sel Brittany Seaweed Seasoning - Fossil River","og_description":"Siente el sabor del oc\u00e9ano con la sal condimentada con algas de Breta\u00f1a, uno de los elementos m\u00e1s originales para dar un toque diferente a la cocina y sacar ese lado m\u00e1s feroz de las profundidades de los mares brit\u00e1nicos.","og_url":"https:\/\/fossilriver.com\/en\/buy\/sal-con-algas-de-bretana\/","og_site_name":"Fossil River","article_modified_time":"2023-12-19T17:43:59+00:00","og_image":[{"width":1080,"height":1080,"url":"https:\/\/fossilriver.com\/wp-content\/uploads\/2021\/07\/PRINC-Algas-bretana.png","type":"image\/png"}],"twitter_card":"summary_large_image","twitter_misc":{"Est. reading time":"1 minute"},"schema":{"@context":"https:\/\/schema.org","@graph":[{"@type":"WebPage","@id":"https:\/\/fossilriver.com\/en\/buy\/sal-con-algas-de-bretana\/","url":"https:\/\/fossilriver.com\/en\/buy\/sal-con-algas-de-bretana\/","name":"BIO Flocons de Sel Brittany Seaweed Seasoning - Fossil River","isPartOf":{"@id":"https:\/\/fossilriver.com\/#website"},"primaryImageOfPage":{"@id":"https:\/\/fossilriver.com\/en\/buy\/sal-con-algas-de-bretana\/#primaryimage"},"image":{"@id":"https:\/\/fossilriver.com\/en\/buy\/sal-con-algas-de-bretana\/#primaryimage"},"thumbnailUrl":"https:\/\/fossilriver.com\/wp-content\/uploads\/2021\/07\/PRINC-Algas-bretana.png","datePublished":"2021-07-26T13:26:19+00:00","dateModified":"2023-12-19T17:43:59+00:00","description":"Siente el sabor del oc\u00e9ano con la sal condimentada con algas de Breta\u00f1a, uno de los elementos m\u00e1s originales para dar un toque diferente a la cocina y sacar ese lado m\u00e1s feroz de las profundidades de los mares brit\u00e1nicos.","breadcrumb":{"@id":"https:\/\/fossilriver.com\/en\/buy\/sal-con-algas-de-bretana\/#breadcrumb"},"inLanguage":"en-US","potentialAction":[{"@type":"ReadAction","target":["https:\/\/fossilriver.com\/en\/buy\/sal-con-algas-de-bretana\/"]}]},{"@type":"ImageObject","inLanguage":"en-US","@id":"https:\/\/fossilriver.com\/en\/buy\/sal-con-algas-de-bretana\/#primaryimage","url":"https:\/\/fossilriver.com\/wp-content\/uploads\/2021\/07\/PRINC-Algas-bretana.png","contentUrl":"https:\/\/fossilriver.com\/wp-content\/uploads\/2021\/07\/PRINC-Algas-bretana.png","width":1080,"height":1080},{"@type":"BreadcrumbList","@id":"https:\/\/fossilriver.com\/en\/buy\/sal-con-algas-de-bretana\/#breadcrumb","itemListElement":[{"@type":"ListItem","position":1,"name":"Inicio","item":"https:\/\/fossilriver.com\/en\/"},{"@type":"ListItem","position":2,"name":"Shop","item":"https:\/\/fossilriver.com\/shop\/"},{"@type":"ListItem","position":3,"name":"BIO Flocons de Sel Brittany Seaweed Seasoning"}]},{"@type":"WebSite","@id":"https:\/\/fossilriver.com\/#website","url":"https:\/\/fossilriver.com\/","name":"Fossil River","description":"Sales gourmet","publisher":{"@id":"https:\/\/fossilriver.com\/#organization"},"potentialAction":[{"@type":"SearchAction","target":{"@type":"EntryPoint","urlTemplate":"https:\/\/fossilriver.com\/?s={search_term_string}"},"query-input":{"@type":"PropertyValueSpecification","valueRequired":true,"valueName":"search_term_string"}}],"inLanguage":"en-US"},{"@type":"Organization","@id":"https:\/\/fossilriver.com\/#organization","name":"Fossil River","url":"https:\/\/fossilriver.com\/","logo":{"@type":"ImageObject","inLanguage":"en-US","@id":"https:\/\/fossilriver.com\/#\/schema\/logo\/image\/","url":"https:\/\/i1.wp.com\/fossilriver.com\/wp-content\/uploads\/2021\/06\/logo.png?fit=143%2C101&ssl=1","contentUrl":"https:\/\/i1.wp.com\/fossilriver.com\/wp-content\/uploads\/2021\/06\/logo.png?fit=143%2C101&ssl=1","width":143,"height":101,"caption":"Fossil River"},"image":{"@id":"https:\/\/fossilriver.com\/#\/schema\/logo\/image\/"}}]}},"jetpack_sharing_enabled":true,"_links":{"self":[{"href":"https:\/\/fossilriver.com\/en\/wp-json\/wp\/v2\/product\/47589","targetHints":{"allow":["GET"]}}],"collection":[{"href":"https:\/\/fossilriver.com\/en\/wp-json\/wp\/v2\/product"}],"about":[{"href":"https:\/\/fossilriver.com\/en\/wp-json\/wp\/v2\/types\/product"}],"wp:featuredmedia":[{"embeddable":true,"href":"https:\/\/fossilriver.com\/en\/wp-json\/wp\/v2\/media\/11412"}],"wp:attachment":[{"href":"https:\/\/fossilriver.com\/en\/wp-json\/wp\/v2\/media?parent=47589"}],"wp:term":[{"taxonomy":"product_brand","embeddable":true,"href":"https:\/\/fossilriver.com\/en\/wp-json\/wp\/v2\/product_brand?post=47589"},{"taxonomy":"product_cat","embeddable":true,"href":"https:\/\/fossilriver.com\/en\/wp-json\/wp\/v2\/product_cat?post=47589"},{"taxonomy":"product_tag","embeddable":true,"href":"https:\/\/fossilriver.com\/en\/wp-json\/wp\/v2\/product_tag?post=47589"}],"curies":[{"name":"wp","href":"https:\/\/api.w.org\/{rel}","templated":true}]}}