{"id":47610,"date":"2021-07-27T14:17:39","date_gmt":"2021-07-27T14:17:39","guid":{"rendered":"http:\/\/localhost:9999\/fossilriver\/comprar\/sal-himalaya-rosa\/"},"modified":"2023-12-19T17:37:24","modified_gmt":"2023-12-19T17:37:24","slug":"sal-himalaya-rosa","status":"publish","type":"product","link":"https:\/\/fossilriver.com\/en\/buy\/sal-himalaya-rosa\/","title":{"rendered":"Pink Himalayan Salt"},"content":{"rendered":"<p>Formed at high pressure beneath the mountains 250 million years ago, free of contamination and unrefined, it contains no additives. With 84 elements that are essential for life. The degree of compression beneath the mountains has created a perfect salt crystal structure, which helps to maintain the natural balance of the body. This salt, which is pink, is gem salt and does not have the bitter taste of sea salt.<\/p>\n","protected":false},"excerpt":{"rendered":"<p>Pink rock salt crystals formed at high pressure beneath the mountains 250 million years ago.<\/p>\n","protected":false},"featured_media":14640,"template":"","meta":{"_acf_changed":false},"product_brand":[],"product_cat":[260,244],"product_tag":[],"class_list":{"0":"post-47610","1":"product","2":"type-product","3":"status-publish","4":"has-post-thumbnail","6":"product_cat-across-the-world","7":"product_cat-fine-salts","9":"first","10":"instock","11":"taxable","12":"shipping-taxable","13":"purchasable","14":"product-type-variable"},"acf":[],"yoast_head":"<!-- This site is optimized with the Yoast SEO plugin v23.8 - https:\/\/yoast.com\/wordpress\/plugins\/seo\/ -->\n<title>Pink Himalayan Salt - Fossil River<\/title>\n<meta name=\"description\" content=\"Sal del himalaya rosa Fossil River cristalina de color rosado formada a alta presi\u00f3n bajo las monta\u00f1as hace 250 millones de a\u00f1os.\" \/>\n<meta name=\"robots\" content=\"index, follow, max-snippet:-1, max-image-preview:large, max-video-preview:-1\" \/>\n<link rel=\"canonical\" href=\"https:\/\/fossilriver.com\/en\/buy\/sal-himalaya-rosa\/\" \/>\n<meta property=\"og:locale\" content=\"en_US\" \/>\n<meta property=\"og:type\" content=\"article\" \/>\n<meta property=\"og:title\" content=\"Pink Himalayan Salt - Fossil River\" \/>\n<meta property=\"og:description\" content=\"Sal del himalaya rosa Fossil River cristalina de color rosado formada a alta presi\u00f3n bajo las monta\u00f1as hace 250 millones de a\u00f1os.\" \/>\n<meta property=\"og:url\" content=\"https:\/\/fossilriver.com\/en\/buy\/sal-himalaya-rosa\/\" \/>\n<meta property=\"og:site_name\" content=\"Fossil River\" \/>\n<meta property=\"article:modified_time\" content=\"2023-12-19T17:37:24+00:00\" \/>\n<meta property=\"og:image\" content=\"https:\/\/fossilriver.com\/wp-content\/uploads\/2021\/07\/himalaya-rosa.png\" \/>\n\t<meta property=\"og:image:width\" content=\"851\" \/>\n\t<meta property=\"og:image:height\" content=\"895\" \/>\n\t<meta property=\"og:image:type\" content=\"image\/png\" \/>\n<meta name=\"twitter:card\" content=\"summary_large_image\" \/>\n<meta name=\"twitter:label1\" content=\"Est. reading time\" \/>\n\t<meta name=\"twitter:data1\" content=\"1 minute\" \/>\n<script type=\"application\/ld+json\" class=\"yoast-schema-graph\">{\"@context\":\"https:\/\/schema.org\",\"@graph\":[{\"@type\":\"WebPage\",\"@id\":\"https:\/\/fossilriver.com\/en\/buy\/sal-himalaya-rosa\/\",\"url\":\"https:\/\/fossilriver.com\/en\/buy\/sal-himalaya-rosa\/\",\"name\":\"Pink Himalayan Salt - Fossil River\",\"isPartOf\":{\"@id\":\"https:\/\/fossilriver.com\/#website\"},\"primaryImageOfPage\":{\"@id\":\"https:\/\/fossilriver.com\/en\/buy\/sal-himalaya-rosa\/#primaryimage\"},\"image\":{\"@id\":\"https:\/\/fossilriver.com\/en\/buy\/sal-himalaya-rosa\/#primaryimage\"},\"thumbnailUrl\":\"https:\/\/fossilriver.com\/wp-content\/uploads\/2021\/07\/himalaya-rosa.png\",\"datePublished\":\"2021-07-27T14:17:39+00:00\",\"dateModified\":\"2023-12-19T17:37:24+00:00\",\"description\":\"Sal del himalaya rosa Fossil River cristalina de color rosado formada a alta presi\u00f3n bajo las monta\u00f1as hace 250 millones de a\u00f1os.\",\"breadcrumb\":{\"@id\":\"https:\/\/fossilriver.com\/en\/buy\/sal-himalaya-rosa\/#breadcrumb\"},\"inLanguage\":\"en-US\",\"potentialAction\":[{\"@type\":\"ReadAction\",\"target\":[\"https:\/\/fossilriver.com\/en\/buy\/sal-himalaya-rosa\/\"]}]},{\"@type\":\"ImageObject\",\"inLanguage\":\"en-US\",\"@id\":\"https:\/\/fossilriver.com\/en\/buy\/sal-himalaya-rosa\/#primaryimage\",\"url\":\"https:\/\/fossilriver.com\/wp-content\/uploads\/2021\/07\/himalaya-rosa.png\",\"contentUrl\":\"https:\/\/fossilriver.com\/wp-content\/uploads\/2021\/07\/himalaya-rosa.png\",\"width\":851,\"height\":895},{\"@type\":\"BreadcrumbList\",\"@id\":\"https:\/\/fossilriver.com\/en\/buy\/sal-himalaya-rosa\/#breadcrumb\",\"itemListElement\":[{\"@type\":\"ListItem\",\"position\":1,\"name\":\"Inicio\",\"item\":\"https:\/\/fossilriver.com\/en\/\"},{\"@type\":\"ListItem\",\"position\":2,\"name\":\"Shop\",\"item\":\"https:\/\/fossilriver.com\/shop\/\"},{\"@type\":\"ListItem\",\"position\":3,\"name\":\"Pink Himalayan Salt\"}]},{\"@type\":\"WebSite\",\"@id\":\"https:\/\/fossilriver.com\/#website\",\"url\":\"https:\/\/fossilriver.com\/\",\"name\":\"Fossil River\",\"description\":\"Sales gourmet\",\"publisher\":{\"@id\":\"https:\/\/fossilriver.com\/#organization\"},\"potentialAction\":[{\"@type\":\"SearchAction\",\"target\":{\"@type\":\"EntryPoint\",\"urlTemplate\":\"https:\/\/fossilriver.com\/?s={search_term_string}\"},\"query-input\":{\"@type\":\"PropertyValueSpecification\",\"valueRequired\":true,\"valueName\":\"search_term_string\"}}],\"inLanguage\":\"en-US\"},{\"@type\":\"Organization\",\"@id\":\"https:\/\/fossilriver.com\/#organization\",\"name\":\"Fossil River\",\"url\":\"https:\/\/fossilriver.com\/\",\"logo\":{\"@type\":\"ImageObject\",\"inLanguage\":\"en-US\",\"@id\":\"https:\/\/fossilriver.com\/#\/schema\/logo\/image\/\",\"url\":\"https:\/\/i1.wp.com\/fossilriver.com\/wp-content\/uploads\/2021\/06\/logo.png?fit=143%2C101&ssl=1\",\"contentUrl\":\"https:\/\/i1.wp.com\/fossilriver.com\/wp-content\/uploads\/2021\/06\/logo.png?fit=143%2C101&ssl=1\",\"width\":143,\"height\":101,\"caption\":\"Fossil River\"},\"image\":{\"@id\":\"https:\/\/fossilriver.com\/#\/schema\/logo\/image\/\"}}]}<\/script>\n<!-- \/ Yoast SEO plugin. -->","yoast_head_json":{"title":"Pink Himalayan Salt - Fossil River","description":"Sal del himalaya rosa Fossil River cristalina de color rosado formada a alta presi\u00f3n bajo las monta\u00f1as hace 250 millones de a\u00f1os.","robots":{"index":"index","follow":"follow","max-snippet":"max-snippet:-1","max-image-preview":"max-image-preview:large","max-video-preview":"max-video-preview:-1"},"canonical":"https:\/\/fossilriver.com\/en\/buy\/sal-himalaya-rosa\/","og_locale":"en_US","og_type":"article","og_title":"Pink Himalayan Salt - Fossil River","og_description":"Sal del himalaya rosa Fossil River cristalina de color rosado formada a alta presi\u00f3n bajo las monta\u00f1as hace 250 millones de a\u00f1os.","og_url":"https:\/\/fossilriver.com\/en\/buy\/sal-himalaya-rosa\/","og_site_name":"Fossil River","article_modified_time":"2023-12-19T17:37:24+00:00","og_image":[{"width":851,"height":895,"url":"https:\/\/fossilriver.com\/wp-content\/uploads\/2021\/07\/himalaya-rosa.png","type":"image\/png"}],"twitter_card":"summary_large_image","twitter_misc":{"Est. reading time":"1 minute"},"schema":{"@context":"https:\/\/schema.org","@graph":[{"@type":"WebPage","@id":"https:\/\/fossilriver.com\/en\/buy\/sal-himalaya-rosa\/","url":"https:\/\/fossilriver.com\/en\/buy\/sal-himalaya-rosa\/","name":"Pink Himalayan Salt - Fossil River","isPartOf":{"@id":"https:\/\/fossilriver.com\/#website"},"primaryImageOfPage":{"@id":"https:\/\/fossilriver.com\/en\/buy\/sal-himalaya-rosa\/#primaryimage"},"image":{"@id":"https:\/\/fossilriver.com\/en\/buy\/sal-himalaya-rosa\/#primaryimage"},"thumbnailUrl":"https:\/\/fossilriver.com\/wp-content\/uploads\/2021\/07\/himalaya-rosa.png","datePublished":"2021-07-27T14:17:39+00:00","dateModified":"2023-12-19T17:37:24+00:00","description":"Sal del himalaya rosa Fossil River cristalina de color rosado formada a alta presi\u00f3n bajo las monta\u00f1as hace 250 millones de a\u00f1os.","breadcrumb":{"@id":"https:\/\/fossilriver.com\/en\/buy\/sal-himalaya-rosa\/#breadcrumb"},"inLanguage":"en-US","potentialAction":[{"@type":"ReadAction","target":["https:\/\/fossilriver.com\/en\/buy\/sal-himalaya-rosa\/"]}]},{"@type":"ImageObject","inLanguage":"en-US","@id":"https:\/\/fossilriver.com\/en\/buy\/sal-himalaya-rosa\/#primaryimage","url":"https:\/\/fossilriver.com\/wp-content\/uploads\/2021\/07\/himalaya-rosa.png","contentUrl":"https:\/\/fossilriver.com\/wp-content\/uploads\/2021\/07\/himalaya-rosa.png","width":851,"height":895},{"@type":"BreadcrumbList","@id":"https:\/\/fossilriver.com\/en\/buy\/sal-himalaya-rosa\/#breadcrumb","itemListElement":[{"@type":"ListItem","position":1,"name":"Inicio","item":"https:\/\/fossilriver.com\/en\/"},{"@type":"ListItem","position":2,"name":"Shop","item":"https:\/\/fossilriver.com\/shop\/"},{"@type":"ListItem","position":3,"name":"Pink Himalayan Salt"}]},{"@type":"WebSite","@id":"https:\/\/fossilriver.com\/#website","url":"https:\/\/fossilriver.com\/","name":"Fossil River","description":"Sales gourmet","publisher":{"@id":"https:\/\/fossilriver.com\/#organization"},"potentialAction":[{"@type":"SearchAction","target":{"@type":"EntryPoint","urlTemplate":"https:\/\/fossilriver.com\/?s={search_term_string}"},"query-input":{"@type":"PropertyValueSpecification","valueRequired":true,"valueName":"search_term_string"}}],"inLanguage":"en-US"},{"@type":"Organization","@id":"https:\/\/fossilriver.com\/#organization","name":"Fossil River","url":"https:\/\/fossilriver.com\/","logo":{"@type":"ImageObject","inLanguage":"en-US","@id":"https:\/\/fossilriver.com\/#\/schema\/logo\/image\/","url":"https:\/\/i1.wp.com\/fossilriver.com\/wp-content\/uploads\/2021\/06\/logo.png?fit=143%2C101&ssl=1","contentUrl":"https:\/\/i1.wp.com\/fossilriver.com\/wp-content\/uploads\/2021\/06\/logo.png?fit=143%2C101&ssl=1","width":143,"height":101,"caption":"Fossil River"},"image":{"@id":"https:\/\/fossilriver.com\/#\/schema\/logo\/image\/"}}]}},"jetpack_sharing_enabled":true,"_links":{"self":[{"href":"https:\/\/fossilriver.com\/en\/wp-json\/wp\/v2\/product\/47610","targetHints":{"allow":["GET"]}}],"collection":[{"href":"https:\/\/fossilriver.com\/en\/wp-json\/wp\/v2\/product"}],"about":[{"href":"https:\/\/fossilriver.com\/en\/wp-json\/wp\/v2\/types\/product"}],"wp:featuredmedia":[{"embeddable":true,"href":"https:\/\/fossilriver.com\/en\/wp-json\/wp\/v2\/media\/14640"}],"wp:attachment":[{"href":"https:\/\/fossilriver.com\/en\/wp-json\/wp\/v2\/media?parent=47610"}],"wp:term":[{"taxonomy":"product_brand","embeddable":true,"href":"https:\/\/fossilriver.com\/en\/wp-json\/wp\/v2\/product_brand?post=47610"},{"taxonomy":"product_cat","embeddable":true,"href":"https:\/\/fossilriver.com\/en\/wp-json\/wp\/v2\/product_cat?post=47610"},{"taxonomy":"product_tag","embeddable":true,"href":"https:\/\/fossilriver.com\/en\/wp-json\/wp\/v2\/product_tag?post=47610"}],"curies":[{"name":"wp","href":"https:\/\/api.w.org\/{rel}","templated":true}]}}